{"id":413,"date":"2020-09-15T06:48:29","date_gmt":"2020-09-15T06:48:29","guid":{"rendered":"https:\/\/simonicavidros.com.br\/site\/about\/"},"modified":"2024-04-11T14:09:44","modified_gmt":"2024-04-11T14:09:44","slug":"about","status":"publish","type":"page","link":"https:\/\/simonicavidros.com.br\/site\/about\/","title":{"rendered":"About"},"content":{"rendered":"\n<div class=\"wp-block-uagb-container uagb-block-04545503 alignfull uagb-is-root-container\"><div class=\"uagb-container-inner-blocks-wrap\">\n<div class=\"wp-block-uagb-advanced-heading uagb-block-58d792da\"><h1 class=\"uagb-heading-text\">quem somos?<\/h1><\/div>\n<\/div><\/div>\n\n\n\n<div class=\"wp-block-uagb-container uagb-block-c07c1ca2 alignfull uagb-is-root-container\"><div class=\"uagb-container-inner-blocks-wrap\">\n<div class=\"wp-block-uagb-container uagb-block-56ceaf47\">\n<div class=\"wp-block-uagb-advanced-heading uagb-block-bcf3190f\"><h2 class=\"uagb-heading-text\">nossa miss\u00e3o<\/h2><div class=\"uagb-separator\"><\/div><\/div>\n\n\n\n<div class=\"wp-block-uagb-advanced-heading uagb-block-c088bd36\"><p class=\"uagb-desc-text\">Acreditamos em proporcionar excel\u00eancia em cada intera\u00e7\u00e3o, fornecendo produtos e servi\u00e7os de alta qualidade que superem as expectativas de nossos clientes. Buscamos constantemente a inova\u00e7\u00e3o e aprimoramento, garantindo que permane\u00e7amos \u00e0 frente das mudan\u00e7as no mercado vidreiro.<\/p><\/div>\n<\/div>\n\n\n\n<div class=\"wp-block-uagb-container uagb-block-3864985c\">\n<div class=\"wp-block-uagb-image uagb-block-c2362fda wp-block-uagb-image--layout-default wp-block-uagb-image--effect-static wp-block-uagb-image--align-none\"><figure class=\"wp-block-uagb-image__figure\"><img decoding=\"async\" srcset=\"https:\/\/simonicavidros.com.br\/wp-content\/uploads\/2024\/04\/WhatsApp-Image-2024-04-04-at-10.01.33-576x1024.jpeg ,https:\/\/simonicavidros.com.br\/wp-content\/uploads\/2024\/04\/WhatsApp-Image-2024-04-04-at-10.01.33-scaled.jpeg 780w, https:\/\/simonicavidros.com.br\/wp-content\/uploads\/2024\/04\/WhatsApp-Image-2024-04-04-at-10.01.33-scaled.jpeg 360w\" sizes=\"auto, (max-width: 480px) 150px\" src=\"https:\/\/simonicavidros.com.br\/wp-content\/uploads\/2024\/04\/WhatsApp-Image-2024-04-04-at-10.01.33-576x1024.jpeg\" alt=\"\" class=\"uag-image-465\" width=\"576\" height=\"1024\" title=\"\" loading=\"lazy\" role=\"presentation\"\/><\/figure><\/div>\n<\/div>\n<\/div><\/div>\n\n\n\n<div class=\"wp-block-uagb-container uagb-block-ada1b635 alignfull uagb-is-root-container\"><div class=\"uagb-container-inner-blocks-wrap\">\n<div class=\"wp-block-uagb-container uagb-block-acb9b5c9\">\n<div class=\"wp-block-uagb-advanced-heading uagb-block-85aae344\"><h4 class=\"uagb-heading-text\">PARCERIAS<\/h4><div class=\"uagb-separator\"><\/div><p class=\"uagb-desc-text\">Constru\u00edmos relacionamentos s\u00f3lidos com nossos clientes, baseados na confian\u00e7a e na transpar\u00eancia. Estamos sempre prontos para ouvir para atender \u00e0s necessidades espec\u00edficas de cada cliente, com aten\u00e7\u00e3o, responsabilidade e total comprometimento.<\/p><\/div>\n<\/div>\n<\/div><\/div>\n\n\n\n<div class=\"wp-block-uagb-slider uagb-block-9fbba3f9 uagb-slider-container\"><div class=\"uagb-slides uagb-swiper\"><div class=\"swiper-wrapper\">\n<div class=\"wp-block-uagb-slider-child uagb-slider-child-wrap swiper-slide uagb-block-85a7f508\"><div class=\"swiper-content\">\n<div class=\"wp-block-uagb-container uagb-block-9a17f385 alignfull uagb-is-root-container\"><div class=\"uagb-container-inner-blocks-wrap\"><\/div><\/div>\n<\/div><\/div>\n\n\n\n<div class=\"wp-block-uagb-slider-child uagb-slider-child-wrap swiper-slide uagb-block-194583cc\"><div class=\"swiper-content\">\n<div class=\"wp-block-uagb-container uagb-block-16083526 alignfull uagb-is-root-container\"><div class=\"uagb-container-inner-blocks-wrap\"><\/div><\/div>\n<\/div><\/div>\n\n\n\n<div class=\"wp-block-uagb-slider-child uagb-slider-child-wrap swiper-slide uagb-block-b5ace06b\"><div class=\"swiper-content\">\n<div class=\"wp-block-uagb-container uagb-block-ef5b38d2 alignfull uagb-is-root-container\"><div class=\"uagb-container-inner-blocks-wrap\"><\/div><\/div>\n<\/div><\/div>\n<\/div><\/div><div class=\"swiper-pagination\"><\/div><div class=\"swiper-button-prev\"><\/div><div class=\"swiper-button-next\"><\/div><\/div>\n\n\n\n<p><\/p>\n","protected":false},"excerpt":{"rendered":"<p>quem somos? nossa miss\u00e3o Acreditamos em proporcionar excel\u00eancia em cada intera\u00e7\u00e3o, fornecendo produtos e servi\u00e7os de alta qualidade que superem as expectativas de nossos clientes. Buscamos constantemente a inova\u00e7\u00e3o e aprimoramento, garantindo que permane\u00e7amos \u00e0 frente das mudan\u00e7as no mercado vidreiro. PARCERIAS Constru\u00edmos relacionamentos s\u00f3lidos com nossos clientes, baseados na confian\u00e7a e na transpar\u00eancia. Estamos [&hellip;]<\/p>\n","protected":false},"author":1,"featured_media":0,"parent":0,"menu_order":0,"comment_status":"closed","ping_status":"closed","template":"","meta":{"_uag_custom_page_level_css":"","site-sidebar-layout":"no-sidebar","site-content-layout":"plain-container","ast-site-content-layout":"normal-width-container","site-content-style":"unboxed","site-sidebar-style":"unboxed","ast-global-header-display":"","ast-banner-title-visibility":"","ast-main-header-display":"","ast-hfb-above-header-display":"","ast-hfb-below-header-display":"","ast-hfb-mobile-header-display":"","site-post-title":"disabled","ast-breadcrumbs-content":"","ast-featured-img":"disabled","footer-sml-layout":"","theme-transparent-header-meta":"enabled","adv-header-id-meta":"","stick-header-meta":"","header-above-stick-meta":"","header-main-stick-meta":"","header-below-stick-meta":"","astra-migrate-meta-layouts":"set","ast-page-background-enabled":"default","ast-page-background-meta":{"desktop":{"background-color":"","background-image":"","background-repeat":"repeat","background-position":"center center","background-size":"auto","background-attachment":"scroll","background-type":"","background-media":"","overlay-type":"","overlay-color":"","overlay-gradient":""},"tablet":{"background-color":"","background-image":"","background-repeat":"repeat","background-position":"center center","background-size":"auto","background-attachment":"scroll","background-type":"","background-media":"","overlay-type":"","overlay-color":"","overlay-gradient":""},"mobile":{"background-color":"","background-image":"","background-repeat":"repeat","background-position":"center center","background-size":"auto","background-attachment":"scroll","background-type":"","background-media":"","overlay-type":"","overlay-color":"","overlay-gradient":""}},"ast-content-background-meta":{"desktop":{"background-color":"var(--ast-global-color-5)","background-image":"","background-repeat":"repeat","background-position":"center center","background-size":"auto","background-attachment":"scroll","background-type":"","background-media":"","overlay-type":"","overlay-color":"","overlay-gradient":""},"tablet":{"background-color":"var(--ast-global-color-5)","background-image":"","background-repeat":"repeat","background-position":"center center","background-size":"auto","background-attachment":"scroll","background-type":"","background-media":"","overlay-type":"","overlay-color":"","overlay-gradient":""},"mobile":{"background-color":"var(--ast-global-color-5)","background-image":"","background-repeat":"repeat","background-position":"center center","background-size":"auto","background-attachment":"scroll","background-type":"","background-media":"","overlay-type":"","overlay-color":"","overlay-gradient":""}},"footnotes":""},"class_list":["post-413","page","type-page","status-publish","hentry"],"uagb_featured_image_src":{"full":false,"thumbnail":false,"medium":false,"medium_large":false,"large":false,"1536x1536":false,"2048x2048":false},"uagb_author_info":{"display_name":"admin","author_link":"https:\/\/simonicavidros.com.br\/site\/author\/admin\/"},"uagb_comment_info":0,"uagb_excerpt":"quem somos? nossa miss\u00e3o Acreditamos em proporcionar excel\u00eancia em cada intera\u00e7\u00e3o, fornecendo produtos e servi\u00e7os de alta qualidade que superem as expectativas de nossos clientes. Buscamos constantemente a inova\u00e7\u00e3o e aprimoramento, garantindo que permane\u00e7amos \u00e0 frente das mudan\u00e7as no mercado vidreiro. PARCERIAS Constru\u00edmos relacionamentos s\u00f3lidos com nossos clientes, baseados na confian\u00e7a e na transpar\u00eancia. Estamos&hellip;","_links":{"self":[{"href":"https:\/\/simonicavidros.com.br\/site\/wp-json\/wp\/v2\/pages\/413","targetHints":{"allow":["GET"]}}],"collection":[{"href":"https:\/\/simonicavidros.com.br\/site\/wp-json\/wp\/v2\/pages"}],"about":[{"href":"https:\/\/simonicavidros.com.br\/site\/wp-json\/wp\/v2\/types\/page"}],"author":[{"embeddable":true,"href":"https:\/\/simonicavidros.com.br\/site\/wp-json\/wp\/v2\/users\/1"}],"replies":[{"embeddable":true,"href":"https:\/\/simonicavidros.com.br\/site\/wp-json\/wp\/v2\/comments?post=413"}],"version-history":[{"count":12,"href":"https:\/\/simonicavidros.com.br\/site\/wp-json\/wp\/v2\/pages\/413\/revisions"}],"predecessor-version":[{"id":474,"href":"https:\/\/simonicavidros.com.br\/site\/wp-json\/wp\/v2\/pages\/413\/revisions\/474"}],"wp:attachment":[{"href":"https:\/\/simonicavidros.com.br\/site\/wp-json\/wp\/v2\/media?parent=413"}],"curies":[{"name":"wp","href":"https:\/\/api.w.org\/{rel}","templated":true}]}}