{"id":416,"date":"2020-09-15T06:48:15","date_gmt":"2020-09-15T06:48:15","guid":{"rendered":"https:\/\/simonicavidros.com.br\/site\/home\/"},"modified":"2024-04-02T14:38:13","modified_gmt":"2024-04-02T14:38:13","slug":"home","status":"publish","type":"page","link":"https:\/\/simonicavidros.com.br\/site\/","title":{"rendered":"Home"},"content":{"rendered":"\n<div class=\"wp-block-uagb-container uagb-block-80f8b66e alignfull uagb-is-root-container\"><div class=\"uagb-container-inner-blocks-wrap\">\n<div class=\"wp-block-uagb-info-box uagb-block-ea1e98f0 uagb-infobox__content-wrap  uagb-infobox-icon-above-title uagb-infobox-image-valign-top\"><div class=\"uagb-ifb-content\"><div class=\"uagb-ifb-title-wrap\"><span class=\"uagb-ifb-title-prefix\">INDUSTRIA E COMERCIO<\/span><div class=\"uagb-ifb-separator\"><\/div><h1 class=\"uagb-ifb-title\">sIM\u00d4NICA vIDROS<gwmw style=\"display:none;\"><gwmw style=\"display:none;\"><\/gwmw><\/gwmw><\/h1><\/div><div class=\"uagb-ifb-button-wrapper wp-block-button\"><a href=\"#\" class=\"uagb-infobox-cta-link wp-block-button__link\" target=\"_self\" rel=\"noopener noreferrer\" onclick=\"return false;\" alt=\"\"><span class=\"uagb-inline-editing\">VER MAIS<\/span><\/a><\/div><\/div><\/div>\n\n\n\n<div class=\"wp-block-uagb-container uagb-block-637d92d5\">\n<div class=\"wp-block-uagb-image uagb-block-69df9860 wp-block-uagb-image--layout-default wp-block-uagb-image--effect-static wp-block-uagb-image--align-none\"><figure class=\"wp-block-uagb-image__figure\"><\/figure><\/div>\n<\/div>\n<\/div><\/div>\n\n\n\n<div class=\"wp-block-uagb-container uagb-block-4e5b41fa alignfull uagb-is-root-container\"><div class=\"uagb-container-inner-blocks-wrap\">\n<div class=\"wp-block-uagb-advanced-heading uagb-block-ed3416f6\"><h2 class=\"uagb-heading-text\">compromisso<\/h2><div class=\"uagb-separator\"><\/div><\/div>\n\n\n\n<div class=\"wp-block-uagb-container uagb-block-0c24c3bb\">\n<div class=\"wp-block-uagb-container uagb-block-65b8b623\">\n<div class=\"wp-block-uagb-info-box uagb-block-c27f163a uagb-infobox__content-wrap  uagb-infobox-icon-above-title uagb-infobox-image-valign-top\"><div class=\"uagb-ifb-content\"><div class=\"uagb-ifb-image-content\"><img decoding=\"async\" src=\"https:\/\/simonicavidros.com.br\/wp-content\/uploads\/2024\/04\/privacidade-com-vidro-refletivo.jpg\" alt=\"\" width=\"1919\" height=\"1082\" loading=\"lazy\"\/><\/div><div class=\"uagb-ifb-title-wrap\"><h5 class=\"uagb-ifb-title\">Principal<\/h5><\/div><p class=\"uagb-ifb-desc\">Na Sim\u00f4nica Industria e Comercio de Vidros e Alum\u00ednios a qualidade \u00e9 a espinha dorsal de nossos produtos e servi\u00e7os. Nosso compromisso inabal\u00e1vel com os mais altos padr\u00f5es garante que cada cliente experimente o melhor em termos de durabilidade, confiabilidade e desempenho.<\/p><\/div><\/div>\n<\/div>\n<\/div>\n<\/div><\/div>\n\n\n\n<div class=\"wp-block-uagb-container uagb-block-0127aa57 alignfull uagb-is-root-container\"><div class=\"uagb-container-inner-blocks-wrap\">\n<div class=\"wp-block-uagb-container uagb-block-00f7f4ef\">\n<div class=\"wp-block-uagb-info-box uagb-block-f36d28c7 uagb-infobox__content-wrap  uagb-infobox-icon-above-title uagb-infobox-image-valign-top\"><div class=\"uagb-ifb-content\"><div class=\"uagb-ifb-title-wrap\"><h2 class=\"uagb-ifb-title\">Sustentabilidade<\/h2><\/div><div class=\"uagb-ifb-separator\"><\/div><p class=\"uagb-ifb-desc\">Reconhecemos a import\u00e2ncia de sermos respons\u00e1veis ambiental e socialmente. Estamos empenhados em pr\u00e1ticas sustent\u00e1veis que minimizam nosso impacto no meio ambiente e contribuem para comunidades mais saud\u00e1veis e vibrantes com o reaproveitamento total dos nossos materiais, tanto vidros quanto alum\u00ednios, sendo uma empresa totalmente preocupada com a sustentabilidade e ecossistema.<\/p><\/div><\/div>\n<\/div>\n<\/div><\/div>\n\n\n\n<div class=\"wp-block-uagb-container uagb-block-02824155 alignfull uagb-is-root-container\"><div class=\"uagb-container-inner-blocks-wrap\">\n<div class=\"wp-block-uagb-container uagb-block-ad218851\">\n<div class=\"wp-block-uagb-info-box uagb-block-8b418249 uagb-infobox__content-wrap  uagb-infobox-icon-above-title uagb-infobox-image-valign-top\"><div class=\"uagb-ifb-content\"><div class=\"uagb-ifb-title-wrap\"><h2 class=\"uagb-ifb-title\">equipe<\/h2><\/div><p class=\"uagb-ifb-desc\">Acreditamos em proporcionar excel\u00eancia em cada intera\u00e7\u00e3o, fornecendo produtos e servi\u00e7os de alta qualidade que superem as expectativas de nossos clientes. Buscamos constantemente a inova\u00e7\u00e3o e aprimoramento, garantindo que permane\u00e7amos \u00e0 frente das mudan\u00e7as no mercado vidreiro.<\/p><\/div><\/div>\n<\/div>\n\n\n\n<div class=\"wp-block-uagb-container uagb-block-5c72ea19\">\n<div class=\"wp-block-uagb-image uagb-block-cba4faa0 wp-block-uagb-image--layout-default wp-block-uagb-image--effect-static wp-block-uagb-image--align-none\"><figure class=\"wp-block-uagb-image__figure\"><img decoding=\"async\" srcset=\"https:\/\/simonicavidros.com.br\/wp-content\/uploads\/2023\/08\/Skyscrapers-glass-windows_m.jpg ,https:\/\/simonicavidros.com.br\/wp-content\/uploads\/2023\/08\/Skyscrapers-glass-windows_m.jpg 780w, https:\/\/simonicavidros.com.br\/wp-content\/uploads\/2023\/08\/Skyscrapers-glass-windows_m.jpg 360w\" sizes=\"auto, (max-width: 480px) 150px\" src=\"https:\/\/simonicavidros.com.br\/wp-content\/uploads\/2023\/08\/Skyscrapers-glass-windows_m.jpg\" alt=\"\" class=\"uag-image-32\" width=\"379\" height=\"218\" title=\"Skyscrapers-glass-windows_m\" loading=\"lazy\" role=\"img\"\/><\/figure><\/div>\n\n\n\n<div class=\"wp-block-uagb-image uagb-block-b320a3f6 wp-block-uagb-image--layout-default wp-block-uagb-image--effect-static wp-block-uagb-image--align-none\"><figure class=\"wp-block-uagb-image__figure\"><img decoding=\"async\" srcset=\"https:\/\/simonicavidros.com.br\/wp-content\/uploads\/2024\/04\/fabricante-de-fachada-de-vidro-refletivo.png ,https:\/\/simonicavidros.com.br\/wp-content\/uploads\/2024\/04\/fabricante-de-fachada-de-vidro-refletivo.png 780w, https:\/\/simonicavidros.com.br\/wp-content\/uploads\/2024\/04\/fabricante-de-fachada-de-vidro-refletivo.png 360w\" sizes=\"auto, (max-width: 480px) 150px\" src=\"https:\/\/simonicavidros.com.br\/wp-content\/uploads\/2024\/04\/fabricante-de-fachada-de-vidro-refletivo.png\" alt=\"\" class=\"uag-image-432\" width=\"370\" height=\"162\" title=\"fabricante-de-fachada-de-vidro-refletivo\" loading=\"lazy\" role=\"img\"\/><\/figure><\/div>\n<\/div>\n<\/div><\/div>\n","protected":false},"excerpt":{"rendered":"<p>compromisso<\/p>\n","protected":false},"author":1,"featured_media":0,"parent":0,"menu_order":0,"comment_status":"closed","ping_status":"closed","template":"","meta":{"_uag_custom_page_level_css":"","site-sidebar-layout":"no-sidebar","site-content-layout":"plain-container","ast-site-content-layout":"normal-width-container","site-content-style":"unboxed","site-sidebar-style":"unboxed","ast-global-header-display":"","ast-banner-title-visibility":"","ast-main-header-display":"","ast-hfb-above-header-display":"","ast-hfb-below-header-display":"","ast-hfb-mobile-header-display":"","site-post-title":"disabled","ast-breadcrumbs-content":"","ast-featured-img":"","footer-sml-layout":"","theme-transparent-header-meta":"enabled","adv-header-id-meta":"","stick-header-meta":"","header-above-stick-meta":"","header-main-stick-meta":"","header-below-stick-meta":"","astra-migrate-meta-layouts":"set","ast-page-background-enabled":"default","ast-page-background-meta":{"desktop":{"background-color":"","background-image":"","background-repeat":"repeat","background-position":"center center","background-size":"auto","background-attachment":"scroll","background-type":"","background-media":"","overlay-type":"","overlay-color":"","overlay-gradient":""},"tablet":{"background-color":"","background-image":"","background-repeat":"repeat","background-position":"center center","background-size":"auto","background-attachment":"scroll","background-type":"","background-media":"","overlay-type":"","overlay-color":"","overlay-gradient":""},"mobile":{"background-color":"","background-image":"","background-repeat":"repeat","background-position":"center center","background-size":"auto","background-attachment":"scroll","background-type":"","background-media":"","overlay-type":"","overlay-color":"","overlay-gradient":""}},"ast-content-background-meta":{"desktop":{"background-color":"var(--ast-global-color-5)","background-image":"","background-repeat":"repeat","background-position":"center center","background-size":"auto","background-attachment":"scroll","background-type":"","background-media":"","overlay-type":"","overlay-color":"","overlay-gradient":""},"tablet":{"background-color":"var(--ast-global-color-5)","background-image":"","background-repeat":"repeat","background-position":"center center","background-size":"auto","background-attachment":"scroll","background-type":"","background-media":"","overlay-type":"","overlay-color":"","overlay-gradient":""},"mobile":{"background-color":"var(--ast-global-color-5)","background-image":"","background-repeat":"repeat","background-position":"center center","background-size":"auto","background-attachment":"scroll","background-type":"","background-media":"","overlay-type":"","overlay-color":"","overlay-gradient":""}},"footnotes":""},"class_list":["post-416","page","type-page","status-publish","hentry"],"uagb_featured_image_src":{"full":false,"thumbnail":false,"medium":false,"medium_large":false,"large":false,"1536x1536":false,"2048x2048":false},"uagb_author_info":{"display_name":"admin","author_link":"https:\/\/simonicavidros.com.br\/site\/author\/admin\/"},"uagb_comment_info":0,"uagb_excerpt":"compromisso","_links":{"self":[{"href":"https:\/\/simonicavidros.com.br\/site\/wp-json\/wp\/v2\/pages\/416","targetHints":{"allow":["GET"]}}],"collection":[{"href":"https:\/\/simonicavidros.com.br\/site\/wp-json\/wp\/v2\/pages"}],"about":[{"href":"https:\/\/simonicavidros.com.br\/site\/wp-json\/wp\/v2\/types\/page"}],"author":[{"embeddable":true,"href":"https:\/\/simonicavidros.com.br\/site\/wp-json\/wp\/v2\/users\/1"}],"replies":[{"embeddable":true,"href":"https:\/\/simonicavidros.com.br\/site\/wp-json\/wp\/v2\/comments?post=416"}],"version-history":[{"count":9,"href":"https:\/\/simonicavidros.com.br\/site\/wp-json\/wp\/v2\/pages\/416\/revisions"}],"predecessor-version":[{"id":455,"href":"https:\/\/simonicavidros.com.br\/site\/wp-json\/wp\/v2\/pages\/416\/revisions\/455"}],"wp:attachment":[{"href":"https:\/\/simonicavidros.com.br\/site\/wp-json\/wp\/v2\/media?parent=416"}],"curies":[{"name":"wp","href":"https:\/\/api.w.org\/{rel}","templated":true}]}}