{"id":9,"date":"2020-09-15T06:49:03","date_gmt":"2020-09-15T06:49:03","guid":{"rendered":"https:\/\/simonicavidros.com.br\/site\/contact\/"},"modified":"2024-04-12T11:31:09","modified_gmt":"2024-04-12T11:31:09","slug":"contact","status":"publish","type":"page","link":"https:\/\/simonicavidros.com.br\/site\/contact\/","title":{"rendered":"Contact"},"content":{"rendered":"\n<div class=\"wp-block-uagb-container uagb-block-71fc7b63 alignfull uagb-is-root-container\"><div class=\"uagb-container-inner-blocks-wrap\">\n<div class=\"wp-block-uagb-advanced-heading uagb-block-158443ef\"><h1 class=\"uagb-heading-text\">Contatos<\/h1><\/div>\n<\/div><\/div>\n\n\n\n<div class=\"wp-block-uagb-container uagb-block-718211b6 alignfull uagb-is-root-container\"><div class=\"uagb-container-inner-blocks-wrap\">\n<div class=\"wp-block-uagb-container uagb-block-dca3ec3e\">\n<div class=\"wp-block-uagb-advanced-heading uagb-block-a13d0a34\"><h2 class=\"uagb-heading-text\">informa\u00e7\u00f5es de contato<\/h2><\/div>\n\n\n\n<div class=\"wp-block-uagb-advanced-heading uagb-block-d7997ae1\"><h5 class=\"uagb-heading-text\">Endere\u00e7o:<\/h5><p class=\"uagb-desc-text\">R. Don\u00e1 Catuaba, 640-700 &#8211; Catuaba, Jacobina &#8211; BA, 44700-000<\/p><\/div>\n\n\n\n<div class=\"wp-block-uagb-advanced-heading uagb-block-1fd4cbca\"><h5 class=\"uagb-heading-text\"><strong>Email<\/strong>:<\/h5><p class=\"uagb-desc-text\">agnailton@simonicavidros.com.br\u200b<\/p><\/div>\n\n\n\n<div class=\"wp-block-uagb-advanced-heading uagb-block-1f41003b\"><h5 class=\"uagb-heading-text\">Telefone:<\/h5><p class=\"uagb-desc-text\">(74) 3621-9921<\/p><\/div>\n\n\n\n<div class=\"wp-block-uagb-separator uagb-block-ea95d8c8\"><div class=\"wp-block-uagb-separator__inner\" style=\"--my-background-image:\"><\/div><\/div>\n\n\n\n<p>(74) 98105-1945<\/p>\n\n\n\n<p>(74) 98106-3389<\/p>\n\n\n\n<p>(74) 98143-8704<\/p>\n<\/div>\n\n\n\n<div class=\"wp-block-uagb-forms uagb-forms__outer-wrap uagb-block-863951a5 uagb-forms__medium-btn\"><form class=\"uagb-forms-main-form\" method=\"post\" autocomplete=\"on\" name=\"uagb-form-863951a5\">\n<div class=\"wp-block-uagb-forms-name uagb-forms-name-wrap uagb-forms-field-set uagb-block-919aca9f\"><div class=\"uagb-forms-name-label required uagb-forms-input-label\" id=\"919aca9f\">Nome:<\/div><input type=\"text\" placeholder=\"\" required class=\"uagb-forms-name-input uagb-forms-input\" name=\"919aca9f\" autocomplete=\"given-name\"\/><\/div>\n\n\n\n<div class=\"wp-block-uagb-forms-name uagb-forms-name-wrap uagb-forms-field-set uagb-block-4e3279da\"><div class=\"uagb-forms-name-label required uagb-forms-input-label\" id=\"4e3279da\">Sobrenome:<\/div><input type=\"text\" placeholder=\"\" required class=\"uagb-forms-name-input uagb-forms-input\" name=\"4e3279da\" autocomplete=\"family-name\"\/><\/div>\n\n\n\n<div class=\"wp-block-uagb-forms-email uagb-forms-email-wrap uagb-forms-field-set uagb-block-fecb8d9c\"><div class=\"uagb-forms-email-label  uagb-forms-input-label\" id=\"fecb8d9c\">E-Mail:<\/div><input type=\"email\" class=\"uagb-forms-email-input uagb-forms-input\" placeholder=\"exemplo@email.com\" name=\"fecb8d9c\" autocomplete=\"email\"\/><\/div>\n\n\n\n<div class=\"wp-block-uagb-forms-textarea uagb-forms-textarea-wrap uagb-forms-field-set uagb-block-8f0fe8ae\"><div class=\"uagb-forms-textarea-label required uagb-forms-input-label\" id=\"8f0fe8ae\">Mensagem:<\/div><textarea required class=\"uagb-forms-textarea-input uagb-forms-input\" rows=\"4\" placeholder=\"Digite sua mensagem\" name=\"8f0fe8ae\" autocomplete=\"off\"><\/textarea><\/div>\n<div class=\"uagb-forms-form-hidden-data\"><input type=\"hidden\" class=\"uagb_forms_form_label\" value=\"Formul\u00e1rio Spectra\"\/><input type=\"hidden\" class=\"uagb_forms_form_id\" value=\"uagb-form-863951a5\"\/><\/div><div class=\"uagb-form-reacaptcha-error-863951a5\"><\/div><div class=\"uagb-forms-main-submit-button-wrap wp-block-button\"><button class=\"uagb-forms-main-submit-button wp-block-button__link\"><div class=\"uagb-forms-main-submit-button-text\">Enviar<\/div><\/button><\/div><\/form><div class=\"uagb-forms-success-message-863951a5 uagb-forms-submit-message-hide\"><span>Formul\u00e1rio enviado com sucesso!<\/span><\/div><div class=\"uagb-forms-failed-message-863951a5 uagb-forms-submit-message-hide\"><span>Ocorreu um erro ao enviar o formul\u00e1rio. Verifique todos os campos novamente.<\/span><\/div><\/div>\n<\/div><\/div>\n","protected":false},"excerpt":{"rendered":"<p>Contatos informa\u00e7\u00f5es de contato Endere\u00e7o: R. Don\u00e1 Catuaba, 640-700 &#8211; Catuaba, Jacobina &#8211; BA, 44700-000 Email: agnailton@simonicavidros.com.br\u200b Telefone: (74) 3621-9921 (74) 98105-1945 (74) 98106-3389 (74) 98143-8704<\/p>\n","protected":false},"author":1,"featured_media":0,"parent":0,"menu_order":0,"comment_status":"closed","ping_status":"closed","template":"","meta":{"_uag_custom_page_level_css":"","site-sidebar-layout":"no-sidebar","site-content-layout":"plain-container","ast-site-content-layout":"normal-width-container","site-content-style":"unboxed","site-sidebar-style":"unboxed","ast-global-header-display":"","ast-banner-title-visibility":"","ast-main-header-display":"","ast-hfb-above-header-display":"","ast-hfb-below-header-display":"","ast-hfb-mobile-header-display":"","site-post-title":"disabled","ast-breadcrumbs-content":"","ast-featured-img":"","footer-sml-layout":"","theme-transparent-header-meta":"enabled","adv-header-id-meta":"","stick-header-meta":"","header-above-stick-meta":"","header-main-stick-meta":"","header-below-stick-meta":"","astra-migrate-meta-layouts":"set","ast-page-background-enabled":"default","ast-page-background-meta":{"desktop":{"background-color":"","background-image":"","background-repeat":"repeat","background-position":"center center","background-size":"auto","background-attachment":"scroll","background-type":"","background-media":"","overlay-type":"","overlay-color":"","overlay-gradient":""},"tablet":{"background-color":"","background-image":"","background-repeat":"repeat","background-position":"center center","background-size":"auto","background-attachment":"scroll","background-type":"","background-media":"","overlay-type":"","overlay-color":"","overlay-gradient":""},"mobile":{"background-color":"","background-image":"","background-repeat":"repeat","background-position":"center center","background-size":"auto","background-attachment":"scroll","background-type":"","background-media":"","overlay-type":"","overlay-color":"","overlay-gradient":""}},"ast-content-background-meta":{"desktop":{"background-color":"var(--ast-global-color-5)","background-image":"","background-repeat":"repeat","background-position":"center center","background-size":"auto","background-attachment":"scroll","background-type":"","background-media":"","overlay-type":"","overlay-color":"","overlay-gradient":""},"tablet":{"background-color":"var(--ast-global-color-5)","background-image":"","background-repeat":"repeat","background-position":"center center","background-size":"auto","background-attachment":"scroll","background-type":"","background-media":"","overlay-type":"","overlay-color":"","overlay-gradient":""},"mobile":{"background-color":"var(--ast-global-color-5)","background-image":"","background-repeat":"repeat","background-position":"center center","background-size":"auto","background-attachment":"scroll","background-type":"","background-media":"","overlay-type":"","overlay-color":"","overlay-gradient":""}},"footnotes":""},"class_list":["post-9","page","type-page","status-publish","hentry"],"uagb_featured_image_src":{"full":false,"thumbnail":false,"medium":false,"medium_large":false,"large":false,"1536x1536":false,"2048x2048":false},"uagb_author_info":{"display_name":"admin","author_link":"https:\/\/simonicavidros.com.br\/site\/author\/admin\/"},"uagb_comment_info":0,"uagb_excerpt":"Contatos informa\u00e7\u00f5es de contato Endere\u00e7o: R. Don\u00e1 Catuaba, 640-700 &#8211; Catuaba, Jacobina &#8211; BA, 44700-000 Email: agnailton@simonicavidros.com.br\u200b Telefone: (74) 3621-9921 (74) 98105-1945 (74) 98106-3389 (74) 98143-8704","_links":{"self":[{"href":"https:\/\/simonicavidros.com.br\/site\/wp-json\/wp\/v2\/pages\/9","targetHints":{"allow":["GET"]}}],"collection":[{"href":"https:\/\/simonicavidros.com.br\/site\/wp-json\/wp\/v2\/pages"}],"about":[{"href":"https:\/\/simonicavidros.com.br\/site\/wp-json\/wp\/v2\/types\/page"}],"author":[{"embeddable":true,"href":"https:\/\/simonicavidros.com.br\/site\/wp-json\/wp\/v2\/users\/1"}],"replies":[{"embeddable":true,"href":"https:\/\/simonicavidros.com.br\/site\/wp-json\/wp\/v2\/comments?post=9"}],"version-history":[{"count":10,"href":"https:\/\/simonicavidros.com.br\/site\/wp-json\/wp\/v2\/pages\/9\/revisions"}],"predecessor-version":[{"id":492,"href":"https:\/\/simonicavidros.com.br\/site\/wp-json\/wp\/v2\/pages\/9\/revisions\/492"}],"wp:attachment":[{"href":"https:\/\/simonicavidros.com.br\/site\/wp-json\/wp\/v2\/media?parent=9"}],"curies":[{"name":"wp","href":"https:\/\/api.w.org\/{rel}","templated":true}]}}